{"id":1030,"date":"2021-09-18T01:11:51","date_gmt":"2021-09-18T01:11:51","guid":{"rendered":"https:\/\/d-themes.com\/wordpress\/udesign\/dummy\/corporate\/?page_id=1030"},"modified":"2024-03-25T11:00:52","modified_gmt":"2024-03-25T10:00:52","slug":"contact-us","status":"publish","type":"page","link":"https:\/\/coercan.net\/?page_id=1030","title":{"rendered":"Contact Us"},"content":{"rendered":"\t\t<div data-elementor-type=\"wp-page\" data-elementor-id=\"1030\" class=\"elementor elementor-1030\">\n\t\t\t\t\t\t<div class=\" elementor-section elementor-top-section elementor-element elementor-element-6b06a8a pt-10 pb-10 elementor-section-boxed elementor-section-height-default elementor-section-height-default smart-sticky-default\" data-id=\"6b06a8a\" data-element_type=\"section\" data-settings=\"{&quot;background_background&quot;:&quot;classic&quot;}\">\r\n\t\t\t\t\t\t\t\t<div class=\"elementor-container elementor-column-gap-default\">\r\n\t\t\t\t\r\n\t\t\t\t\t\t\t<!-- Start .elementor-column -->\r\n\t\t\t<div class=\" elementor-column elementor-col-100 elementor-top-column elementor-element elementor-element-1b09989 mt-7 mb-10 mb-lg-7 pb-lg-0 pb-6 elementor-invisible \" data-id=\"1b09989\" data-element_type=\"column\" data-settings=\"{&quot;animation&quot;:&quot;fadeInUpShorter&quot;}\">\r\n\t\t\t\t\t\t\t\t<!-- Start .elementor-column-wrap(optimize mode => .elementor-widget-wrap) -->\r\n\t\t\t\t<div class=\"elementor-widget-wrap elementor-element-populated\">\r\n\t\t\t\t\t\t\t\t\t\t\t\t\t<!-- Start .slider-container  -->\r\n\t\t\t\t\t<div class=\"w-100\">\r\n\t\t\t\t\t\t\t\t\t\t<!-- Start .slider-wrapper -->\r\n\t\t\t\t\t<div class=\" row cols-lg-3 cols-md-2 cols-sm-2 cols-1  slider-wrapper\" data-slider-options=\"{&quot;spaceBetween&quot;:30,&quot;pagination&quot;:true,&quot;effect&quot;:&quot;slide&quot;,&quot;slidesPerView&quot;:3,&quot;breakpoints&quot;:{&quot;2401&quot;:{&quot;slidesPerView&quot;:3},&quot;1367&quot;:{&quot;slidesPerView&quot;:3},&quot;1201&quot;:{&quot;slidesPerView&quot;:3},&quot;992&quot;:{&quot;slidesPerView&quot;:3},&quot;768&quot;:{&quot;slidesPerView&quot;:2},&quot;576&quot;:{&quot;slidesPerView&quot;:2},&quot;0&quot;:{&quot;slidesPerView&quot;:1}},&quot;statusClass&quot;:&quot;slider-dots-dark slider-shadow slider-overflow-hidden slider-same-height&quot;}\">\r\n\t\t\t\t\t\t<div class=\"elementor-element elementor-element-d5ac694 custom-icon-box elementor-widget elementor-widget-udesign_widget_iconbox\" data-id=\"d5ac694\" data-element_type=\"widget\" data-widget_type=\"udesign_widget_iconbox.default\">\n\t\t\t\t<div class=\"elementor-widget-container\">\n\t\t\t\t\t<div class=\"icon-box position-top icon-default\"><div class=\"icon-box-feature\"><i class=\"fas fa-building\"><\/i><\/div><div class=\"icon-box-content\"><h2 class=\"icon-box-title\">Nuestras oficinas<\/h2><p class=\"icon-box-desc\">C\/ Vargas 47 esc. dcha. 3\u00ba pta. 6 <\/br>\n39010 Santander (Cantabria)<\/br>\nEntrada por C\/ Tres de Noviembre 32<\/p><\/div><\/div>\t\t\t\t<\/div>\n\t\t\t\t<\/div>\n\t\t\t\t<div class=\"elementor-element elementor-element-18bed3a custom-icon-box elementor-widget elementor-widget-udesign_widget_iconbox\" data-id=\"18bed3a\" data-element_type=\"widget\" data-widget_type=\"udesign_widget_iconbox.default\">\n\t\t\t\t<div class=\"elementor-widget-container\">\n\t\t\t\t\t<div class=\"icon-box position-top icon-default\"><div class=\"icon-box-feature\"><i class=\"far fa-clock\"><\/i><\/div><div class=\"icon-box-content\"><h2 class=\"icon-box-title\">Horario<\/h2><p class=\"icon-box-desc\">Estamos abiertos de lunes a viernes, de 09:00 a 14:00 y de 17:00 a 20:00<\/p><\/div><\/div>\t\t\t\t<\/div>\n\t\t\t\t<\/div>\n\t\t\t\t<div class=\"elementor-element elementor-element-f534787 custom-icon-box elementor-widget elementor-widget-udesign_widget_iconbox\" data-id=\"f534787\" data-element_type=\"widget\" data-widget_type=\"udesign_widget_iconbox.default\">\n\t\t\t\t<div class=\"elementor-widget-container\">\n\t\t\t\t\t<div class=\"icon-box position-top icon-default\"><div class=\"icon-box-feature\"><i class=\"fas fa-phone-alt\"><\/i><\/div><div class=\"icon-box-content\"><h2 class=\"icon-box-title\">Ll\u00e1manos<\/h2><p class=\"icon-box-desc\">Tel\u00e9fono: <a href=\"tel:942232464\">942 232 464<\/a><br><a href=\"tel:686318082\">\nM\u00f3vil\/WhatsApp: 686 31 80 82<\/a><\/p><\/div><\/div>\t\t\t\t<\/div>\n\t\t\t\t<\/div>\n\t\t\t\t\t\t\t<\/div><!-- End .slider-wrapper -->\r\n\t\t\t\t\t<\/div><!-- End .slider-container -->\r\n\t\t\t\t\t\r\n\t\t\t\t\t\t\t\t<\/div> <!-- End optimize => .elementor-widget-wrap -->\r\n\t\t\t\t<\/div>\r\n\t\t\t\t<!-- End .elementor-column -->\r\n\t\t\t\t\t\t\t\t<\/div>\r\n\t\t\t<\/div>\r\n\t\t\t\t\t<section class=\" elementor-section elementor-top-section elementor-element elementor-element-ab349d9 elementor-section-boxed elementor-section-height-default elementor-section-height-default smart-sticky-default\" data-id=\"ab349d9\" data-element_type=\"section\">\r\n\t\t\t\t\t\t\t\t<div class=\"elementor-container elementor-column-gap-default\">\r\n\t\t\t\t\r\n\t\t\t\t\t\t\t\t<div class=\" elementor-column elementor-col-100 elementor-top-column elementor-element elementor-element-8a439c4 \" data-id=\"8a439c4\" data-element_type=\"column\">\r\n\r\n\t\t\t\t\r\n\t\t\t\t<div class=\"elementor-widget-wrap elementor-element-populated\">\r\n\t\t\t\t\t\t\t\t\t\t\r\n\t\t\t\t\t\t<div class=\"elementor-element elementor-element-41b371d elementor-widget elementor-widget-google_maps\" data-id=\"41b371d\" data-element_type=\"widget\" data-widget_type=\"google_maps.default\">\n\t\t\t\t<div class=\"elementor-widget-container\">\n\t\t\t\t\t\t\t<div class=\"elementor-custom-embed\">\n\t\t\t<iframe loading=\"lazy\"\n\t\t\t\t\tsrc=\"https:\/\/maps.google.com\/maps?q=coercan%20santander&#038;t=m&#038;z=10&#038;output=embed&#038;iwloc=near\"\n\t\t\t\t\ttitle=\"coercan santander\"\n\t\t\t\t\taria-label=\"coercan santander\"\n\t\t\t><\/iframe>\n\t\t<\/div>\n\t\t\t\t\t\t<\/div>\n\t\t\t\t<\/div>\n\t\t\t\t\t\t<\/div>\r\n\t\t\t\t<\/div>\r\n\t\t\t\t\t\t\t\t<\/div>\r\n\t\t\t<\/section>\r\n\t\t\t\t\t<\/div>\n\t\t","protected":false},"excerpt":{"rendered":"<p>Nuestras oficinas C\/ Vargas 47 esc. dcha. 3\u00ba pta. 6 39010 Santander (Cantabria) Entrada por C\/ Tres de Noviembre 32 Horario Estamos abiertos de lunes a viernes, de 09:00 a 14:00 y de 17:00 a 20:00 Ll\u00e1manos Tel\u00e9fono: 942 232 464 M\u00f3vil\/WhatsApp: 686 31 80 82<\/p>\n","protected":false},"author":2,"featured_media":0,"parent":0,"menu_order":0,"comment_status":"closed","ping_status":"closed","template":"","meta":{"_acf_changed":false,"_monsterinsights_skip_tracking":false,"_monsterinsights_sitenote_active":false,"_monsterinsights_sitenote_note":"","_monsterinsights_sitenote_category":0,"footnotes":""},"class_list":["post-1030","page","type-page","status-publish","hentry"],"acf":[],"_links":{"self":[{"href":"https:\/\/coercan.net\/index.php?rest_route=\/wp\/v2\/pages\/1030","targetHints":{"allow":["GET"]}}],"collection":[{"href":"https:\/\/coercan.net\/index.php?rest_route=\/wp\/v2\/pages"}],"about":[{"href":"https:\/\/coercan.net\/index.php?rest_route=\/wp\/v2\/types\/page"}],"author":[{"embeddable":true,"href":"https:\/\/coercan.net\/index.php?rest_route=\/wp\/v2\/users\/2"}],"replies":[{"embeddable":true,"href":"https:\/\/coercan.net\/index.php?rest_route=%2Fwp%2Fv2%2Fcomments&post=1030"}],"version-history":[{"count":9,"href":"https:\/\/coercan.net\/index.php?rest_route=\/wp\/v2\/pages\/1030\/revisions"}],"predecessor-version":[{"id":3579,"href":"https:\/\/coercan.net\/index.php?rest_route=\/wp\/v2\/pages\/1030\/revisions\/3579"}],"wp:attachment":[{"href":"https:\/\/coercan.net\/index.php?rest_route=%2Fwp%2Fv2%2Fmedia&parent=1030"}],"curies":[{"name":"wp","href":"https:\/\/api.w.org\/{rel}","templated":true}]}}