{"id":401,"date":"2017-11-28T12:16:58","date_gmt":"2017-11-28T11:16:58","guid":{"rendered":"http:\/\/coercan.net\/?page_id=401"},"modified":"2024-12-03T12:47:53","modified_gmt":"2024-12-03T11:47:53","slug":"aviso-legal","status":"publish","type":"page","link":"https:\/\/coercan.net\/?page_id=401","title":{"rendered":"Aviso Legal"},"content":{"rendered":"\t\t<div data-elementor-type=\"wp-page\" data-elementor-id=\"401\" class=\"elementor elementor-401\">\n\t\t\t\t\t\t<section class=\" elementor-section elementor-top-section elementor-element elementor-element-655ce2bc elementor-section-boxed elementor-section-height-default elementor-section-height-default smart-sticky-default\" data-id=\"655ce2bc\" data-element_type=\"section\">\r\n\t\t\t\t\t\t\t\t<div class=\"elementor-container elementor-column-gap-default\">\r\n\t\t\t\t\r\n\t\t\t\t\t\t\t\t<div class=\" elementor-column elementor-col-100 elementor-top-column elementor-element elementor-element-536bc1d0 \" data-id=\"536bc1d0\" data-element_type=\"column\">\r\n\r\n\t\t\t\t\r\n\t\t\t\t<div class=\"elementor-widget-wrap elementor-element-populated\">\r\n\t\t\t\t\t\t\t\t\t\t\r\n\t\t\t\t\t\t<div class=\"elementor-element elementor-element-3a45863c elementor-widget elementor-widget-text-editor\" data-id=\"3a45863c\" data-element_type=\"widget\" data-widget_type=\"text-editor.default\">\n\t\t\t\t<div class=\"elementor-widget-container\">\n\t\t\t\t\t\t\t\t\t\n<p><strong>La Federaci\u00f3n del Comercio de Cantabria &#8211; COERCAN<\/strong>, responsable del sitio web, en adelante COERCAN o RESPONSABLE, pone a disposici\u00f3n de los usuarios el presente documento, con el que pretende dar cumplimiento a las obligaciones dispuestas en la Ley 34\/2002, de 11 de julio, de Servicios de la Sociedad de la Informaci\u00f3n y del Comercio Electr\u00f3nico (LSSICE), as\u00ed como informar a todos los usuarios del sitio web respecto a cu\u00e1les son las condiciones de uso.<\/p>\n\n<p>Toda persona que acceda a este sitio web asume el papel de usuario, comprometi\u00e9ndose a la observancia y cumplimiento riguroso de las disposiciones aqu\u00ed dispuestas, as\u00ed como a cualquier otra disposici\u00f3n legal que fuera de aplicaci\u00f3n.\u00a0<\/p>\n\n<p><strong>COERCAN<\/strong> se reserva el derecho de modificar cualquier tipo de informaci\u00f3n que pudiera aparecer en el sitio web, sin que exista obligaci\u00f3n de preavisar o poner en conocimiento de los usuarios dichas obligaciones, entendi\u00e9ndose como suficiente con la publicaci\u00f3n en el sitio web de <strong>COERCAN.<\/strong><\/p>\n\n<p><strong>1. DATOS IDENTIFICATIVOS<\/strong><\/p>\n\n<p>Denominaci\u00f3n social: <strong>Federaci\u00f3n del Comercio de Cantabria &#8211; COERCAN<\/strong><br \/>Nombre comercial: <strong>COERCAN<\/strong><br \/>CIF: <strong>G39498829<\/strong><br \/>Domicilio: <strong>C\/ Vargas 47, sec. Dcha. 3\u00ba puerta 6 \u2013 39010 Santander (Cantabria)<\/strong><br \/>e-mail: <strong>info@coercan.net<\/strong><\/p>\n\n<p><strong>2. OBJETO<\/strong><\/p>\n\n<p>A trav\u00e9s del Sitio Web, les ofrecemos a los Usuarios la posibilidad de acceder a la informaci\u00f3n sobre nuestros servicios.<\/p>\n\n<p><strong>3. PRIVACIDAD Y TRATAMIENTO DE DATOS<\/strong><\/p>\n\n<p>Cuando para el acceso a determinados contenidos o servicio sea necesario facilitar datos de car\u00e1cter personal, los Usuarios garantizar\u00e1n su veracidad, exactitud, autenticidad y vigencia. La empresa dar\u00e1 a dichos datos el tratamiento automatizado que corresponda en funci\u00f3n de su naturaleza o finalidad, en los t\u00e9rminos indicados en la secci\u00f3n de Pol\u00edtica de Privacidad.<br \/>\u00a0<br \/><strong>4. PROPIEDAD INDUSTRIAL E INTELECTUAL<\/strong><\/p>\n\n<p>El Usuario reconoce y acepta que todos los contenidos que se muestran en el Espacio Web y en especial, dise\u00f1os, textos, im\u00e1genes, logos, iconos, botones, software, nombres comerciales, marcas, o cualesquiera otros signos susceptibles de utilizaci\u00f3n industrial y\/o comercial est\u00e1n sujetos a derechos de Propiedad Intelectual y todas las marcas, nombres comerciales o signos distintivos, todos los derechos de propiedad industrial e intelectual, sobre los contenidos y\/o cualesquiera otros elementos insertados en el p\u00e1gina, que son propiedad exclusiva de la empresa y\/o de terceros, quienes tienen el derecho exclusivo de utilizarlos en el tr\u00e1fico econ\u00f3mico. Por todo ello el Usuario se compromete a no reproducir, copiar, distribuir, poner a disposici\u00f3n o de cualquier otra forma comunicar p\u00fablicamente, transformar o modificar tales contenidos manteniendo indemne a la empresa de cualquier reclamaci\u00f3n que se derive del incumplimiento de tales obligaciones. En ning\u00fan caso el acceso al Espacio Web implica ning\u00fan tipo de renuncia, transmisi\u00f3n, licencia o cesi\u00f3n total ni parcial de dichos derechos, salvo que se establezca expresamente lo contrario. Las presentes Condiciones Generales de Uso del Espacio Web no confieren a los Usuarios ning\u00fan otro derecho de utilizaci\u00f3n, alteraci\u00f3n, explotaci\u00f3n, reproducci\u00f3n, distribuci\u00f3n o comunicaci\u00f3n p\u00fablica del Espacio Web y\/o de sus Contenidos distintos de los aqu\u00ed expresamente previstos. Cualquier otro uso o explotaci\u00f3n de cualesquiera derechos estar\u00e1 sujeto a la previa y expresa autorizaci\u00f3n espec\u00edficamente otorgada a tal efecto por la empresa o el tercero titular de los derechos afectados.<\/p>\n\n<p>Los contenidos, textos, fotograf\u00edas, dise\u00f1os, logotipos, im\u00e1genes y, en general, cualquier creaci\u00f3n intelectual existente en este Espacio, as\u00ed como el propio Espacio en su conjunto, est\u00e1n protegidos como derechos de autor por la legislaci\u00f3n en materia de propiedad intelectual. La empresa es titular de los elementos que integran el dise\u00f1o gr\u00e1fico del Espacio Web, lo men\u00fas, botones de navegaci\u00f3n, el c\u00f3digo HTML, los textos, im\u00e1genes, texturas, gr\u00e1ficos y cualquier otro contenido del Espacio Web o, en cualquier caso, dispone de la correspondiente autorizaci\u00f3n para la utilizaci\u00f3n de dichos elementos. El contenido dispuesto en el Espacio Web no podr\u00e1 ser reproducido ni en todo ni en parte, ni transmitido, ni registrado por ning\u00fan sistema de recuperaci\u00f3n de informaci\u00f3n, en ninguna forma ni en ning\u00fan medio, a menos que se cuente con la autorizaci\u00f3n previa, por escrito, de la citada Entidad.<\/p>\n\n<p>Asimismo, queda prohibido suprimir, eludir y\/o manipular el \u00abcopyright\u00bb as\u00ed como los dispositivos t\u00e9cnicos de protecci\u00f3n, o cualesquiera mecanismos de informaci\u00f3n que pudieren contener los contenidos. El Usuario de este Espacio Web se compromete a respetar los derechos enunciados y a evitar cualquier actuaci\u00f3n que pudiera perjudicarlos, reserv\u00e1ndose en todo caso la empresa el ejercicio de cuantos medios o acciones legales le correspondan en defensa de sus leg\u00edtimos derechos de propiedad intelectual e industrial.<\/p>\n\n<p><strong>5. OBLIGACIONES Y RESPONSABILIDADES DEL USUARIO DEL ESPACIO WEB<\/strong><\/p>\n\n<p>El Usuario se compromete a:<\/p>\n\n<ol class=\"wp-block-list\" type=\"1\">\n<li>Hacer un uso adecuado y l\u00edcito del Espacio Web as\u00ed como de los contenidos y servicios, de\u00a0conformidad con: (i) la legislaci\u00f3n aplicable en cada momento; (ii) las Condiciones Generales de Uso del Espacio Web; (iii) la moral y buenas costumbres generalmente aceptadas y (iv) el orden p\u00fablico.<\/li>\n<li>Proveerse de todos los medios y requerimientos t\u00e9cnicos que se precisen para acceder al Espacio Web.<\/li>\n<li>Facilitar informaci\u00f3n veraz al cumplimentar con sus datos de car\u00e1cter personal los formularios contenidos en el Espacio Web y a mantenerlos actualizados en todo momento de forma que responda, en cada momento, a la situaci\u00f3n real del Usuario. El Usuario ser\u00e1 el \u00fanico responsable de las manifestaciones falsas o inexactas que realice y de los perjuicios que cause a la empresa o a terceros por la informaci\u00f3n que facilite.<\/li>\n<\/ol>\n\n<p>No obstante lo establecido en el apartado anterior el Usuario deber\u00e1 asimismo abstenerse de:<\/p>\n\n<ol class=\"wp-block-list\" type=\"1\">\n<li>Hacer un uso no autorizado o fraudulento del Espacio Web y\/o de los contenidos con fines o efectos il\u00edcitos, prohibidos en las presentes Condiciones Generales de Uso, lesivos de los derechos e intereses de terceros, o que de cualquier forma puedan da\u00f1ar, inutilizar, sobrecargar, deteriorar o impedir la normal utilizaci\u00f3n de los servicios o los documentos, archivos y toda clase de contenidos almacenados en cualquier equipo inform\u00e1tico.<\/li>\n<li>Acceder o intentar acceder a recursos o \u00e1reas restringidas del Espacio Web, sin cumplir las condiciones exigidas para dicho acceso.<\/li>\n<li>Provocar da\u00f1os en los sistemas f\u00edsicos o l\u00f3gicos del Espacio Web, de sus proveedores o de terceros.<\/li>\n<li>Introducir o difundir en la red virus inform\u00e1ticos o cualesquiera otros sistemas f\u00edsicos o l\u00f3gicos que sean susceptibles de provocar da\u00f1os en los sistemas f\u00edsicos o l\u00f3gicos de la empresa, proveedores o de terceros.<\/li>\n<li>Intentar acceder, utilizar y\/o manipular los datos de la empresa, terceros proveedores y otros Usuarios.<\/li>\n<li>Reproducir o copiar, distribuir, permitir el acceso del p\u00fablico a trav\u00e9s de cualquier modalidad de comunicaci\u00f3n p\u00fablica, transformar o modificar los contenidos, a menos que se cuente con la autorizaci\u00f3n del titular de los correspondientes derechos o ello resulte legalmente permitido.<\/li>\n<li>Suprimir, ocultar o manipular las notas sobre derechos de propiedad intelectual o industrial y dem\u00e1s datos identificativos de los derechos de la empresa o de terceros incorporados a los contenidos, as\u00ed como los dispositivos t\u00e9cnicos de protecci\u00f3n o cualesquiera mecanismos de informaci\u00f3n que puedan insertarse en los contenidos.<\/li>\n<li>Obtener e intentar obtener los contenidos empleando para ello medios o procedimientos distintos de los que, seg\u00fan los casos, se hayan puesto a su disposici\u00f3n a este efecto o se hayan indicado expresamente en las p\u00e1ginas web donde se encuentren los contenidos o, en general, de los que se empleen habitualmente en Internet por no entra\u00f1ar un riesgo de da\u00f1o o inutilizaci\u00f3n del Espacio web y\/o de los contenidos.<\/li>\n<\/ol>\n\n<p><strong>6. RESPONSABILIDADES<\/strong><\/p>\n\n<p>No se garantiza el acceso continuado, ni la correcta visualizaci\u00f3n, descarga o utilidad de los elementos e informaciones contenidas en la web que puedan verse impedidos, dificultados o interrumpidos por factores o circunstancias que est\u00e1n fuera de su control. No se hace responsable de las decisiones que pudieran adoptarse como consecuencia del acceso a los contenidos o informaciones ofrecidas.<\/p>\n\n<p>Se podr\u00e1 interrumpir el servicio, o resolver de modo inmediato la relaci\u00f3n con el Usuario, si se detecta que un uso de su Espacio Web, o de cualquiera de los servicios ofertados en el mismo, es contrario a las presentes Condiciones Generales de Uso. No nos hacemos responsables por da\u00f1os, perjuicios, p\u00e9rdidas, reclamaciones o gastos derivados del uso del Espacio Web.<br \/>\u00a0<br \/>\u00danicamente ser\u00e1 responsable de eliminar, lo antes posible, los contenidos que puedan generar tales perjuicios, siempre que as\u00ed se notifique. En especial no seremos responsables de los perjuicios que se pudieran derivar, entre otros, de:<\/p>\n\n<ol class=\"wp-block-list\" type=\"1\">\n<li>Interferencias, interrupciones, fallos, omisiones, aver\u00edas telef\u00f3nicas, retrasos, bloqueos o desconexiones en el funcionamiento del sistema electr\u00f3nico, motivadas por deficiencias, sobrecargas y errores en las l\u00edneas y redes de telecomunicaciones, o por cualquier otra causa ajena al control de la empresa.\u00a0<\/li>\n<li>Intromisiones ileg\u00edtimas mediante el uso de programas malignos de cualquier tipo y a trav\u00e9s de cualquier medio de comunicaci\u00f3n, tales como virus inform\u00e1ticos o cualesquiera otros.<\/li>\n<li>Abuso indebido o inadecuado del Espacio Web.<\/li>\n<li>Errores de seguridad o navegaci\u00f3n producidos por un mal funcionamiento del navegador o por el uso de versiones no actualizadas del mismo. El administrador del espacio web se reservan el derecho de retirar, total o parcialmente, cualquier contenido o informaci\u00f3n presente en el Espacio Web.<\/li>\n<\/ol>\n\n<p>La empresa excluye cualquier responsabilidad por los da\u00f1os y perjuicios de toda naturaleza que pudieran deberse a la mala utilizaci\u00f3n de los servicios de libre disposici\u00f3n y uso por parte de los Usuarios de Espacio Web. Asimismo, queda exonerado de cualquier responsabilidad por el contenido e informaciones que puedan ser recibidas como consecuencia de los formularios de recogida de datos, estando los mismos \u00fanicamente para la prestaci\u00f3n de los servicios de consultas y dudas. Por otro lado, en caso de causar da\u00f1os y perjuicios por un uso il\u00edcito o incorrecto de dichos servicios, podr\u00e1 ser el Usuario reclamado por los da\u00f1os o perjuicios causados.<br \/>\u00a0<br \/>Usted mantendr\u00e1 a la empresa indemne frente a cualesquiera da\u00f1os y perjuicios que se deriven de reclamaciones, acciones o demandas de terceros como consecuencia de su acceso o uso del Espacio Web. Asimismo, usted se obliga a indemnizar frente a cualesquiera da\u00f1os y perjuicios, que se deriven del uso por su parte de \u201crobots\u201d, \u201cspiders\u201d, \u201ccrawlers\u201d o herramientas similares empleadas con el fin de recabar o extraer datos o de cualquier otra actuaci\u00f3n por su parte que imponga una carga irrazonable sobre el funcionamiento del Espacio Web.<\/p>\n\n<p><strong>7. HIPERV\u00cdNCULOS<\/strong><\/p>\n\n<p>El Espacio Web puede incluir enlaces a otros espacios web, gestionados por terceros, con objeto de facilitar el acceso del Usuario a la informaci\u00f3n de empresas colaboradoras y\/o patrocinadoras. Conforme con ello, COERCAN no se responsabiliza del contenido de dichos Espacios web, ni se sit\u00faa en una posici\u00f3n de garante ni\/o de parte ofertante de los servicios y\/o informaci\u00f3n que se puedan a trav\u00e9s de los enlaces de terceros.<\/p>\n\n<p>Se concede al Usuario un derecho limitado, revocable y no exclusivo a crear enlaces al Espacio Web exclusivamente para uso privado y no comercial. Los Espacios web que incluyan enlace a nuestro Espacio Web (i) no podr\u00e1n falsear su relaci\u00f3n ni afirmar que se ha autorizado tal enlace, ni incluir marcas, denominaciones, nombres comerciales, logotipos u otros signos distintivos de nuestra sociedad; (ii) no podr\u00e1n incluir contenidos que puedan considerarse de mal gusto, obscenos, ofensivos, controvertidos, que inciten a la violencia o la discriminaci\u00f3n por raz\u00f3n de sexo, raza o religi\u00f3n, contrarios al orden p\u00fablico o il\u00edcitos; (iii) deber\u00e1 enlazar con la propia direcci\u00f3n del Espacio Web, sin permitir que el Espacio web que realice el enlace reproduzca el Espacio Web como parte de su web o dentro de uno de sus \u201cframes\u201d o crear un \u201cbrowser\u201d sobre cualquiera de las p\u00e1ginas del Espacio Web. La empresa podr\u00e1 solicitar, en cualquier momento, que elimine cualquier enlace al Espacio Web, despu\u00e9s de lo cual deber\u00e1 proceder de inmediato a su eliminaci\u00f3n.<\/p>\n\n<p>La empresa no puede controlar la informaci\u00f3n, contenidos, productos o servicios facilitados por otros Espacios web que tengan establecidos enlaces con destino al Espacio Web.<\/p>\n\n<p><strong>8. PROTECCI\u00d3N DE DATOS<\/strong><\/p>\n\n<p>Para utilizar algunos de los Servicios, el Usuario debe proporcionar previamente ciertos datos de car\u00e1cter personal. La empresa tratar\u00e1 estos datos y aplicar\u00e1 las correspondientes medidas de seguridad, todo ello en cumplimiento del RGPD, LOPDGDD y LSSI. El Usuario puede acceder a la pol\u00edtica seguida en el tratamiento de los datos personales, as\u00ed como el establecimiento de las finalidades previamente establecidas, en las condiciones definidas en la Pol\u00edtica de Privacidad.<\/p>\n\n<p><strong>9. COOKIES<\/strong><\/p>\n\n<p>La pol\u00edtica de cookies del Espacio Web se rige por lo especificado en el documento de Pol\u00edtica de Cookies<\/p>\n\n<p><strong>10. DECLARACIONES Y GARANT\u00cdAS<\/strong><\/p>\n\n<p>En general, los contenidos y servicios ofrecidos en el Espacio Web tienen car\u00e1cter meramente informativo. Por consiguiente, al ofrecerlos, no se otorga garant\u00eda ni declaraci\u00f3n alguna en relaci\u00f3n con los contenidos y servicios ofrecidos en el Espacio web, incluyendo, a t\u00edtulo enunciativo, garant\u00edas de licitud, fiabilidad, utilidad, veracidad, exactitud, o comerciabilidad, salvo en la medida en que por ley no puedan excluirse tales declaraciones y garant\u00edas.<\/p>\n\n<p><strong>11. FUERZA MAYOR<\/strong><\/p>\n\n<p>La empresa no ser\u00e1 responsable en todo en caso de imposibilidad de prestar servicio, si \u00e9sta se debe a interrupciones prolongadas del suministro el\u00e9ctrico, l\u00edneas de telecomunicaciones, conflictos sociales, huelgas, rebeli\u00f3n, explosiones, inundaciones, actos y omisiones del Gobierno, y en general todos los supuestos de fuerza mayor o de caso fortuito.<\/p>\n\n<p><strong>12. RESOLUCI\u00d3N DE CONTROVERSIAS. LEY APLICABLE Y JURISDICCI\u00d3N<\/strong><\/p>\n\n<p>Las presentes Condiciones Generales de Uso, as\u00ed como el uso del Espacio Web, se regir\u00e1n por la legislaci\u00f3n espa\u00f1ola. Para la resoluci\u00f3n de cualquier controversia las partes se someter\u00e1n a los Juzgados y Tribunales del domicilio social del Responsable del sitio web.<\/p>\n\n<p>En el supuesto de que cualquier estipulaci\u00f3n de las presentes Condiciones Generales de Uso resultara inexigible o nula en virtud de la legislaci\u00f3n aplicable o como consecuencia de una resoluci\u00f3n judicial o administrativa, dicha inexigibilidad o nulidad no har\u00e1 que las presentes Condiciones Generales de Uso resulten inexigibles o nulas en su conjunto. En dichos casos, la empresa proceder\u00e1 a la modificaci\u00f3n o sustituci\u00f3n de dicha estipulaci\u00f3n por otra que sea v\u00e1lida y exigible y que, en la medida de lo posible, consiga el objetivo y pretensi\u00f3n reflejados en la estipulaci\u00f3n original.<\/p>\n\t\t\t\t\t\t\t\t<\/div>\n\t\t\t\t<\/div>\n\t\t\t\t\t\t<\/div>\r\n\t\t\t\t<\/div>\r\n\t\t\t\t\t\t\t\t<\/div>\r\n\t\t\t<\/section>\r\n\t\t\t\t\t<\/div>\n\t\t","protected":false},"excerpt":{"rendered":"<p>La Federaci\u00f3n del Comercio de Cantabria &#8211; COERCAN, responsable del sitio web, en adelante COERCAN o RESPONSABLE, pone a disposici\u00f3n de los usuarios el presente documento, con el que pretende dar cumplimiento a las obligaciones dispuestas en la Ley 34\/2002, de 11 de julio, de Servicios de la Sociedad de la Informaci\u00f3n y del Comercio [&hellip;]<\/p>\n","protected":false},"author":2,"featured_media":0,"parent":0,"menu_order":0,"comment_status":"closed","ping_status":"closed","template":"elementor_header_footer","meta":{"_acf_changed":false,"_monsterinsights_skip_tracking":false,"_monsterinsights_sitenote_active":false,"_monsterinsights_sitenote_note":"","_monsterinsights_sitenote_category":0,"footnotes":""},"class_list":["post-401","page","type-page","status-publish","hentry"],"acf":[],"_links":{"self":[{"href":"https:\/\/coercan.net\/index.php?rest_route=\/wp\/v2\/pages\/401","targetHints":{"allow":["GET"]}}],"collection":[{"href":"https:\/\/coercan.net\/index.php?rest_route=\/wp\/v2\/pages"}],"about":[{"href":"https:\/\/coercan.net\/index.php?rest_route=\/wp\/v2\/types\/page"}],"author":[{"embeddable":true,"href":"https:\/\/coercan.net\/index.php?rest_route=\/wp\/v2\/users\/2"}],"replies":[{"embeddable":true,"href":"https:\/\/coercan.net\/index.php?rest_route=%2Fwp%2Fv2%2Fcomments&post=401"}],"version-history":[{"count":6,"href":"https:\/\/coercan.net\/index.php?rest_route=\/wp\/v2\/pages\/401\/revisions"}],"predecessor-version":[{"id":3807,"href":"https:\/\/coercan.net\/index.php?rest_route=\/wp\/v2\/pages\/401\/revisions\/3807"}],"wp:attachment":[{"href":"https:\/\/coercan.net\/index.php?rest_route=%2Fwp%2Fv2%2Fmedia&parent=401"}],"curies":[{"name":"wp","href":"https:\/\/api.w.org\/{rel}","templated":true}]}}